{"id":9436,"date":"2020-08-26T04:33:45","date_gmt":"2020-08-26T04:33:45","guid":{"rendered":"https:\/\/granseaflower.com\/?page_id=9436"},"modified":"2020-10-12T22:21:30","modified_gmt":"2020-10-13T04:21:30","slug":"science-articles","status":"publish","type":"page","link":"https:\/\/granseaflower.com\/es\/science-articles\/","title":{"rendered":"Art\u00edculos de ciencia"},"content":{"rendered":"<div id=\"fws_69eb947fe78b3\"  data-column-margin=\"default\" data-midnight=\"dark\"  class=\"wpb_row vc_row-fluid vc_row\"  style=\"padding-top: 0px; padding-bottom: 0px; \"><div class=\"row-bg-wrap\" data-bg-animation=\"none\" data-bg-animation-delay=\"\" data-bg-overlay=\"false\"><div class=\"inner-wrap row-bg-layer\" ><div class=\"row-bg viewport-desktop\"  style=\"\"><\/div><\/div><\/div><div class=\"row_col_wrap_12 col span_12 dark left\">\n\t<div  class=\"vc_col-sm-4\/5 wpb_column column_container vc_column_container col no-extra-padding inherit_tablet inherit_phone\"  data-padding-pos=\"all\" data-has-bg-color=\"false\" data-bg-color=\"\" data-bg-opacity=\"1\" data-animation=\"\" data-delay=\"0\" >\n\t\t<div class=\"vc_column-inner\" >\n\t\t\t<div class=\"wpb_wrapper\">\n\t\t\t\t<h1 style=\"font-size: 117px;color: #21b9f4;text-align: left\" class=\"vc_custom_heading vc_custom_1602548732470\" >Documentos<\/h1>\n<div class=\"wpb_text_column wpb_content_element\" >\n\t<div class=\"wpb_wrapper\">\n\t\t<p><span style=\"color: #ffffff;\">Explore la investigaci\u00f3n cient\u00edfica m\u00e1s reciente y actualizada que se ha realizado en Gran Seaflower. Explore por a\u00f1o, palabra clave y autores.<\/span><\/p>\n\t<\/div>\n<\/div>\n\n\n\n\n\t\t\t<\/div> \n\t\t<\/div>\n\t<\/div> \n<\/div><\/div>\n\t\t<div id=\"fws_69eb947fe809a\"  data-column-margin=\"default\" data-midnight=\"dark\"  class=\"wpb_row vc_row-fluid vc_row\"  style=\"padding-top: 0px; padding-bottom: 0px; \"><div class=\"row-bg-wrap\" data-bg-animation=\"none\" data-bg-animation-delay=\"\" data-bg-overlay=\"false\"><div class=\"inner-wrap row-bg-layer\" ><div class=\"row-bg viewport-desktop\"  style=\"\"><\/div><\/div><\/div><div class=\"row_col_wrap_12 col span_12 dark left\">\n\t<div  class=\"vc_col-sm-12 wpb_column column_container vc_column_container col no-extra-padding inherit_tablet inherit_phone\"  data-padding-pos=\"all\" data-has-bg-color=\"false\" data-bg-color=\"\" data-bg-opacity=\"1\" data-animation=\"\" data-delay=\"0\" >\n\t\t<div class=\"vc_column-inner\" >\n\t\t\t<div class=\"wpb_wrapper\">\n\t\t\t\t\n<div class=\"wpb_text_column wpb_content_element\" >\n\t<div class=\"wpb_wrapper\">\n\t\t<div class=\"teachpress_pub_list\"><form name=\"tppublistform\" method=\"get\" action=\"\"><a name=\"tppubs\" id=\"tppubs\"><\/a><div class=\"tp_search_input\"><input name=\"tsr\" id=\"tp_search_input_field\" type=\"search\" placeholder=\"Ingrese la palabra de b\u00fasqueda\" value=\"\" tabindex=\"1\"\/><\/div><div class=\"teachpress_filter\"><select class=\"block\" title=\"Todos los a\u00f1os\" name=\"yr\" id=\"yr\" tabindex=\"2\">\r\n                   <option value=\"\">Todos los a\u00f1os<\/option>\r\n                   <option value=\"2020\" >2020<\/option><option value=\"2019\" >2019<\/option><option value=\"2017\" >2017<\/option>\r\n                <\/select><select class=\"block\" title=\"Todas las etiquetas\" name=\"tgid\" id=\"tgid\" tabindex=\"4\">\r\n                   <option value=\"\">Todas las etiquetas<\/option>\r\n                   <option value=\"9\" >Atol\u00f3n de albuquerque<\/option><option value=\"12\" >reclutamiento de coral<\/option><option value=\"13\" >coralivory<\/option><option value=\"2\" >Desechos de aguas profundas<\/option><option value=\"14\" >difamaci\u00f3n<\/option><option value=\"10\" >pesquer\u00edas<\/option><option value=\"15\" >diversidad funcional<\/option><option value=\"20\" >Gran seaflower<\/option><option value=\"16\" >herbivor\u00eda<\/option><option value=\"17\" >Conservaci\u00f3n marina<\/option><option value=\"6\" >Ecosistemas marinos<\/option><option value=\"1\" >Basura marina<\/option><option value=\"5\" >contaminaci\u00f3n mar\u00edtima<\/option><option value=\"8\" >Micropl\u00e1sticos<\/option><option value=\"18\" >sobreexplotaci\u00f3n<\/option><option value=\"19\" >cambios de fase<\/option><option value=\"7\" >Contaminaci\u00f3n pl\u00e1stica<\/option><option value=\"11\" >caracola reina<\/option><option value=\"4\" >ROV<\/option><option value=\"3\" >Veh\u00edculo no tripulado<\/option>\r\n                <\/select><select class=\"block\" title=\"Todos los autores\" name=\"auth\" id=\"auth\" tabindex=\"5\">\r\n                   <option value=\"\">Todos los autores<\/option>\r\n                   <option value=\"68\" > noz, Astrid G Mu<\/option><option value=\"71\" > nos, Nacor Bola<\/option><option value=\"33\" > Abril-Howard, Alfredo<\/option><option value=\"37\" > Alvarado, Juan Jos\u00e9<\/option><option value=\"39\" >do Amaral, Karina Bohrer<\/option><option value=\"66\" > Ardila, N\u00e9stor E<\/option><option value=\"16\" > Armando S\u00e1nchez, Juan<\/option><option value=\"38\" > Barrag\u00e1n-Barrera, Dalia C<\/option><option value=\"35\" > Benavides, Rosario<\/option><option value=\"28\" > Benavides-Serrato, Milena<\/option><option value=\"46\" > Bola\u00f1os-Jim\u00e9nez, Jaime<\/option><option value=\"27\" > Borrero-P\u00e9rez, Giomar H<\/option><option value=\"5\" > Botero, Camilo M<\/option><option value=\"43\" > Botero-Acosta, Natalia<\/option><option value=\"47\" > Bouveret, Laurent<\/option><option value=\"44\" > Bueno, Paula<\/option><option value=\"85\" > Burkepile, Deron E<\/option><option value=\"34\" > Cambronero-Solano, Sergio<\/option><option value=\"29\" > Campos, N\u00e9stor H<\/option><option value=\"48\" > Castelblanco-Mart\u00ednez, Delma Nataly<\/option><option value=\"70\" > Castro, Erick<\/option><option value=\"12\" > Cede\u00f1o-Posso, Cristina<\/option><option value=\"40\" > Ch\u00e1vez-Carre\u00f1o, Paula Alejandra<\/option><option value=\"80\" > Clark, Tara R<\/option><option value=\"78\" > Cramer, Katie L<\/option><option value=\"9\" > Due\u00f1as, Luisa F<\/option><option value=\"11\" > F. Due\u00f1as, Luisa<\/option><option value=\"41\" > Far\u00edas-Curtidor, Nohelia<\/option><option value=\"63\" > Forero, Sergio Iv\u00e1n Rueda<\/option><option value=\"30\" > Galeano-Galeano, Elizabeth<\/option><option value=\"59\" > Garc\u00eda, Liliana Lait\u00f3n<\/option><option value=\"31\" > Gavio, Brigitte<\/option><option value=\"23\" > Gnecco, Mariana<\/option><option value=\"18\" > G\u00f3mez-Corrales, Mat\u00edas<\/option><option value=\"22\" > Gonz\u00e1lez-Zapata, Fanny L<\/option><option value=\"13\" > Grajales, Alejandro<\/option><option value=\"19\" > Guti\u00e9rrez-Cala, Lina<\/option><option value=\"67\" > Hern\u00e1ndez, Hernando<\/option><option value=\"58\" > Herrera, Guido Vasquez<\/option><option value=\"14\" > Herrera, Santiago<\/option><option value=\"77\" > Kaufman, Les<\/option><option value=\"84\" > Ladd, Mark C<\/option><option value=\"42\" > Lancheros-Neva, Roc\u00edo<\/option><option value=\"8\" > Le\u00f3n, Jorge A<\/option><option value=\"17\" > Le\u00f3n, Jorge<\/option><option value=\"49\" > Luksenburg, Jolanda A<\/option><option value=\"57\" > Manzolli, Rog\u00e9rio Portantiolo<\/option><option value=\"32\" > Medina, Jairo<\/option><option value=\"50\" > Mellinger, Julie<\/option><option value=\"51\" > Mesa-Guti\u00e9rrez, Roosevelt<\/option><option value=\"76\" > Modys, Alexander B<\/option><option value=\"52\" >de Montgolfier, Benjam\u00edn<\/option><option value=\"45\" > Moreno, Ignacio Benites<\/option><option value=\"25\" > Neira, Lorena<\/option><option value=\"82\" > Norris, Richard D<\/option><option value=\"79\" > O&#039;Dea, Aaron<\/option><option value=\"55\" > Palacios, Daniel M<\/option><option value=\"7\" > Pereira, Cristina I<\/option><option value=\"56\" > Portz, Luana<\/option><option value=\"74\" > Precht, William F<\/option><option value=\"10\" > Puentes, Vladimir<\/option><option value=\"24\" > Puerto, Nicole<\/option><option value=\"62\" > Ram\u00edrez-Cabrales, Fabi\u00e1n<\/option><option value=\"53\" > Ramos, Eric A<\/option><option value=\"69\" > Ramos, Oscar J<\/option><option value=\"54\" > Ridoux, Vincent<\/option><option value=\"21\" > Roa, Paula<\/option><option value=\"15\" > Rodr\u00edguez, Estefan\u00eda<\/option><option value=\"72\" > Rojas, Anthony<\/option><option value=\"73\" > S\u00e1nchez, Juan A<\/option><option value=\"26\" > Sarmiento, Adriana<\/option><option value=\"83\" > Shantz, Andrew A<\/option><option value=\"36\" > Sol\u00eds-Mar\u00edn, Francisco<\/option><option value=\"61\" >do Sul, Juliana A Ivar<\/option><option value=\"20\" > Vergara, Diana Carolina<\/option><option value=\"60\" > Villate, Diego A<\/option><option value=\"75\" > Vollmer, Stephen V<\/option><option value=\"81\" > Zhao, Jian-xin<\/option><option value=\"6\" > Zielinski, Seweryn<\/option>\r\n                <\/select><div class=\"teachpress_search_button\"><input name=\"tps_button\" class=\"tp_search_button\" type=\"submit\" tabindex=\"10\" value=\"Buscar\"\/><\/div><\/div><input type=\"hidden\" name=\"trp-form-language\" value=\"es\"\/><\/form><div class=\"teachpress_message_error\"><p>Lo sentimos, no hay publicaciones que cumplan este criterio.<\/p><\/div><\/div>\n<p><!-- \/wp:post-content --><\/p>\n\t<\/div>\n<\/div>\n\n\n\n\n\t\t\t<\/div> \n\t\t<\/div>\n\t<\/div> \n<\/div><\/div>","protected":false},"excerpt":{"rendered":"Papers Explore the most recent and updated scientific research that has been done in Gran Seaflower. Explore by year, keyword and authors. Todos los a\u00f1os 202020192017 Todas las etiquetas Albuquerque...","protected":false},"author":1,"featured_media":0,"parent":0,"menu_order":0,"comment_status":"closed","ping_status":"closed","template":"","meta":{"inline_featured_image":false,"footnotes":""},"class_list":["post-9436","page","type-page","status-publish"],"_links":{"self":[{"href":"https:\/\/granseaflower.com\/es\/wp-json\/wp\/v2\/pages\/9436","targetHints":{"allow":["GET"]}}],"collection":[{"href":"https:\/\/granseaflower.com\/es\/wp-json\/wp\/v2\/pages"}],"about":[{"href":"https:\/\/granseaflower.com\/es\/wp-json\/wp\/v2\/types\/page"}],"author":[{"embeddable":true,"href":"https:\/\/granseaflower.com\/es\/wp-json\/wp\/v2\/users\/1"}],"replies":[{"embeddable":true,"href":"https:\/\/granseaflower.com\/es\/wp-json\/wp\/v2\/comments?post=9436"}],"version-history":[{"count":18,"href":"https:\/\/granseaflower.com\/es\/wp-json\/wp\/v2\/pages\/9436\/revisions"}],"predecessor-version":[{"id":10413,"href":"https:\/\/granseaflower.com\/es\/wp-json\/wp\/v2\/pages\/9436\/revisions\/10413"}],"wp:attachment":[{"href":"https:\/\/granseaflower.com\/es\/wp-json\/wp\/v2\/media?parent=9436"}],"curies":[{"name":"wp","href":"https:\/\/api.w.org\/{rel}","templated":true}]}}